{"id":3619,"date":"2022-01-03T11:21:20","date_gmt":"2022-01-03T11:21:20","guid":{"rendered":"http:\/\/www.altlastenmanagement.at\/home\/?page_id=3619"},"modified":"2025-03-06T15:19:40","modified_gmt":"2025-03-06T15:19:40","slug":"vorstand-mitglieder","status":"publish","type":"page","link":"https:\/\/www.altlastenmanagement.at\/home\/vorstand-mitglieder\/","title":{"rendered":"Vorstand &#038; Mitglieder"},"content":{"rendered":"\n<h2>Vorstand<\/h2>\n\n\n\n<figure class=\"wp-block-gallery columns-3 is-cropped\"><ul class=\"blocks-gallery-grid\"><li class=\"blocks-gallery-item\"><figure><img loading=\"lazy\" width=\"682\" height=\"1024\" src=\"http:\/\/www.altlastenmanagement.at\/home\/wp-content\/uploads\/PortraetReichenauer-682x1024.jpg\" alt=\"\" data-id=\"476\" data-full-url=\"http:\/\/www.altlastenmanagement.at\/home\/wp-content\/uploads\/PortraetReichenauer.jpg\" data-link=\"http:\/\/www.altlastenmanagement.at\/home\/2006\/10\/10\/proponenten\/portraetreichenauer\/\" class=\"wp-image-476\" srcset=\"https:\/\/www.altlastenmanagement.at\/home\/wp-content\/uploads\/PortraetReichenauer-682x1024.jpg 682w, https:\/\/www.altlastenmanagement.at\/home\/wp-content\/uploads\/PortraetReichenauer-200x300.jpg 200w, https:\/\/www.altlastenmanagement.at\/home\/wp-content\/uploads\/PortraetReichenauer.jpg 1024w\" sizes=\"(max-width: 682px) 100vw, 682px\" \/><figcaption class=\"blocks-gallery-item__caption\">Thomas Reichenauer &#8211; Pr\u00e4sident<\/figcaption><\/figure><\/li><li class=\"blocks-gallery-item\"><figure><img loading=\"lazy\" width=\"329\" height=\"415\" src=\"http:\/\/www.altlastenmanagement.at\/home\/wp-content\/uploads\/Bild-Timo.jpg\" alt=\"\" data-id=\"477\" data-full-url=\"http:\/\/www.altlastenmanagement.at\/home\/wp-content\/uploads\/Bild-Timo.jpg\" data-link=\"http:\/\/www.altlastenmanagement.at\/home\/2006\/10\/10\/proponenten\/bild-timo\/\" class=\"wp-image-477\" srcset=\"https:\/\/www.altlastenmanagement.at\/home\/wp-content\/uploads\/Bild-Timo.jpg 329w, https:\/\/www.altlastenmanagement.at\/home\/wp-content\/uploads\/Bild-Timo-237x300.jpg 237w\" sizes=\"(max-width: 329px) 100vw, 329px\" \/><figcaption class=\"blocks-gallery-item__caption\">Timo D\u00f6rrie &#8211; Generalsekret\u00e4r<\/figcaption><\/figure><\/li><li class=\"blocks-gallery-item\"><figure><img loading=\"lazy\" width=\"350\" height=\"415\" src=\"http:\/\/www.altlastenmanagement.at\/home\/wp-content\/uploads\/Hofmann-Foto.jpg\" alt=\"\" data-id=\"479\" data-full-url=\"http:\/\/www.altlastenmanagement.at\/home\/wp-content\/uploads\/Hofmann-Foto.jpg\" data-link=\"http:\/\/www.altlastenmanagement.at\/home\/2006\/10\/10\/proponenten\/hofmann-foto\/\" class=\"wp-image-479\" srcset=\"https:\/\/www.altlastenmanagement.at\/home\/wp-content\/uploads\/Hofmann-Foto.jpg 350w, https:\/\/www.altlastenmanagement.at\/home\/wp-content\/uploads\/Hofmann-Foto-253x300.jpg 253w\" sizes=\"(max-width: 350px) 100vw, 350px\" \/><figcaption class=\"blocks-gallery-item__caption\">Thilo Hofmann &#8211; Vizepr\u00e4sident<\/figcaption><\/figure><\/li><\/ul><\/figure>\n\n\n\n<p><strong>Stv-Generalsekret\u00e4r:<\/strong>&nbsp; Moritz Ortmann (Kommunalkredit Austria AG )<\/p>\n\n\n\n<p><strong>Schatzmeister:<\/strong>&nbsp; Gerhard Kreitner (blp GeoServices GmbH)<\/p>\n\n\n\n<p><strong>Stv-Schatzmeister:<\/strong> Peter Freitag (Keller Grundbau GmbH)<\/p>\n\n\n\n<p><strong>Schriftleiter:<\/strong>&nbsp; Roman Prantl (blp GeoServices GmbH)<\/p>\n\n\n\n<p><strong>BeisitzerInnen:<\/strong> Marion Huber-Humer (Universit\u00e4t f\u00fcr Bodenkultur), Alexander Mechtler (Gruppe Wasser), Markus Nu\u00dfbaumer (Saxinger, Chalupsky &amp; Partner Rechtsanw\u00e4lte GmbH)<\/p>\n\n\n\n<p><strong>2 Rechnungspr\u00fcferinnen:<\/strong> Martha Wepner-Banko (Umweltbundesamt), Marina Vacali (Keller Grundbau GmbH)<\/p>\n\n\n\n<h2>F\u00f6rdernde Mitglieder<\/h2>\n\n\n\n<p>AIT Austrian Institute of Technology GmbH<\/p>\n\n\n\n<p>Bauer Spezialtiefbau GmbH<\/p>\n\n\n\n<p>BFM Umwelt GmbH Beratung-Forschung-Management<\/p>\n\n\n\n<p>BIOVERSAL International GmbH<\/p>\n\n\n\n<p>blp GeoServices gmbh<\/p>\n\n\n\n<p>Bundesaltlastensanierungsgesellschaft<\/p>\n\n\n\n<p>B\u00fcro Pieler ZT GmbH<\/p>\n\n\n\n<p>DI Matthias Stracke ZT GmbH<\/p>\n\n\n\n<p>ensowa &#8211; innovation und umweltconsulting gmbh<\/p>\n\n\n\n<p>ESW Consulting Wruss<\/p>\n\n\n\n<p>GEO RISK Environmental Services GmbH<\/p>\n\n\n\n<p>Geosystems Spezialbaustoffe GmbH<\/p>\n\n\n\n<p>GESA mbH<\/p>\n\n\n\n<p>GM REMEDIATION SYSTEMS GMBH<\/p>\n\n\n\n<p>Gruppe Wasser GmbH<\/p>\n\n\n\n<p>GUT GRUPPE UMWELT + TECHNIK GMBH<\/p>\n\n\n\n<p>GWU Geologie-Wasser-Umwelt GmbH<\/p>\n\n\n\n<p>HPC Austria Ges.m.b.H.<\/p>\n\n\n\n<p>Keller Grundbau GesmbH<\/p>\n\n\n\n<p>Kommunalkredit Public Consulting GmbH<\/p>\n\n\n\n<p>\u00d6BB Infrastruktur<\/p>\n\n\n\n<p>\u00d6KOTECHNA Entsorgungs- u. Umwelttechnik GmbH<\/p>\n\n\n\n<p>Porr Umwelttechnik GmbH<\/p>\n\n\n\n<p>RM Umweltkonsulenten ZT GmbH<\/p>\n\n\n\n<p>STRABAG AG<\/p>\n\n\n\n<p>TERRA Umwelttechnik GmbH<\/p>\n\n\n\n<p>Trugina und Partner ZT GmbH<\/p>\n\n\n\n<p>Universit\u00e4t &nbsp;f\u00fcr Bodenkultur<\/p>\n\n\n\n<p>Z\u00fcblin Umwelttechnik GmbH<\/p>\n\n\n\n<h2>Gr\u00fcndungsmitglieder<\/h2>\n\n\n\n<p>DI Aichberger Hildegard<br \/>DI Budischovsky Andreas<br \/>Prof. Gerzabek Martin<br \/>Dr. Goppold Dieter<br \/>DI Gretzmacher G\u00fcnter<br \/>Prof. Horak Othmar<br \/>DI Kasamas Harald<br \/>Prof. Lechner Peter<br \/>Prof. Loibner Andreas P.<br \/>DI M\u00fcller Dietmar<br \/>Dr. Reichenauer Thomas<br \/>DI Schamann Martin<br \/>DI Todorovic Dragana<br \/>Prof. Weber Gerlind<br \/>Prof. Wenzel Walter<\/p>\n","protected":false},"excerpt":{"rendered":"<p>Vorstand Stv-Generalsekret\u00e4r:&nbsp; Moritz Ortmann (Kommunalkredit Austria AG ) Schatzmeister:&nbsp; Gerhard Kreitner (blp GeoServices GmbH) Stv-Schatzmeister: Peter Freitag (Keller Grundbau GmbH) Schriftleiter:&nbsp; Roman Prantl (blp GeoServices GmbH) BeisitzerInnen: Marion Huber-Humer (Universit\u00e4t f\u00fcr Bodenkultur), Alexander Mechtler (Gruppe Wasser), Markus Nu\u00dfbaumer (Saxinger, Chalupsky<\/p>\n","protected":false},"author":2,"featured_media":0,"parent":0,"menu_order":0,"comment_status":"closed","ping_status":"closed","template":"","meta":{"_mi_skip_tracking":false},"_links":{"self":[{"href":"https:\/\/www.altlastenmanagement.at\/home\/wp-json\/wp\/v2\/pages\/3619"}],"collection":[{"href":"https:\/\/www.altlastenmanagement.at\/home\/wp-json\/wp\/v2\/pages"}],"about":[{"href":"https:\/\/www.altlastenmanagement.at\/home\/wp-json\/wp\/v2\/types\/page"}],"author":[{"embeddable":true,"href":"https:\/\/www.altlastenmanagement.at\/home\/wp-json\/wp\/v2\/users\/2"}],"replies":[{"embeddable":true,"href":"https:\/\/www.altlastenmanagement.at\/home\/wp-json\/wp\/v2\/comments?post=3619"}],"version-history":[{"count":9,"href":"https:\/\/www.altlastenmanagement.at\/home\/wp-json\/wp\/v2\/pages\/3619\/revisions"}],"predecessor-version":[{"id":4274,"href":"https:\/\/www.altlastenmanagement.at\/home\/wp-json\/wp\/v2\/pages\/3619\/revisions\/4274"}],"wp:attachment":[{"href":"https:\/\/www.altlastenmanagement.at\/home\/wp-json\/wp\/v2\/media?parent=3619"}],"curies":[{"name":"wp","href":"https:\/\/api.w.org\/{rel}","templated":true}]}}