{"id":3070,"date":"2018-05-09T08:19:12","date_gmt":"2018-05-09T08:19:12","guid":{"rendered":"http:\/\/www.altlastenmanagement.at\/home\/?page_id=3070"},"modified":"2018-05-09T08:39:16","modified_gmt":"2018-05-09T08:39:16","slug":"bestaetigung-der-e-mailadresse","status":"publish","type":"page","link":"https:\/\/www.altlastenmanagement.at\/home\/bestaetigung-der-e-mailadresse\/","title":{"rendered":"Best\u00e4tigung der E-Mailadresse"},"content":{"rendered":"<div role=\"form\" class=\"wpcf7\" id=\"wpcf7-f3069-o1\" lang=\"de-DE\" dir=\"ltr\">\n<div class=\"screen-reader-response\"><p role=\"status\" aria-live=\"polite\" aria-atomic=\"true\"><\/p> <ul><\/ul><\/div>\n<form action=\"\/home\/wp-json\/wp\/v2\/pages\/3070#wpcf7-f3069-o1\" method=\"post\" class=\"wpcf7-form init\" novalidate=\"novalidate\" data-status=\"init\">\n<div style=\"display: none;\">\n<input type=\"hidden\" name=\"_wpcf7\" value=\"3069\" \/>\n<input type=\"hidden\" name=\"_wpcf7_version\" value=\"5.3.2\" \/>\n<input type=\"hidden\" name=\"_wpcf7_locale\" value=\"de_DE\" \/>\n<input type=\"hidden\" name=\"_wpcf7_unit_tag\" value=\"wpcf7-f3069-o1\" \/>\n<input type=\"hidden\" name=\"_wpcf7_container_post\" value=\"0\" \/>\n<input type=\"hidden\" name=\"_wpcf7_posted_data_hash\" value=\"\" \/>\n<\/div>\n<p><span class=\"wpcf7-form-control-wrap your-consent\"><span class=\"wpcf7-form-control wpcf7-acceptance\"><span class=\"wpcf7-list-item\"><label><input type=\"checkbox\" name=\"your-consent\" value=\"1\" aria-invalid=\"false\" \/><span class=\"wpcf7-list-item-label\">Ja, ich m\u00f6chte Informationen \u00fcber Veranstaltungen und Publikationen des \u00d6VA erhalten.<\/span><\/label><\/span><\/span><\/span><\/p>\n<p>Ihre E-Mail-Adresse (Pflichtfeld)<br \/>\n    <span class=\"wpcf7-form-control-wrap your-email\"><input type=\"email\" name=\"your-email\" value=\"\" size=\"40\" class=\"wpcf7-form-control wpcf7-text wpcf7-email wpcf7-validates-as-required wpcf7-validates-as-email\" aria-required=\"true\" aria-invalid=\"false\" \/><\/span> <\/p>\n<p><input type=\"submit\" value=\"Senden\" class=\"wpcf7-form-control wpcf7-submit\" \/><\/p>\n<p>Eine Einwilligung kann jederzeit beim \u00d6sterreichischen Verein f\u00fcr Altlastenmanagement, Felberstrasse 24\/1, 1150 Wien oder per eMail an office@altlastenmanagement.at widerrufen werden. Auch bei jeder Zusendung, die Sie bekommen, besteht die M\u00f6glichkeit die Einwilligung zur\u00fcck zu ziehen.<\/p>\n<p style=\"display: none !important;\"><label>&#916;<textarea name=\"_wpcf7_ak_hp_textarea\" cols=\"45\" rows=\"8\" maxlength=\"100\"><\/textarea><\/label><input type=\"hidden\" id=\"ak_js_1\" name=\"_wpcf7_ak_js\" value=\"74\"\/><script>document.getElementById( \"ak_js_1\" ).setAttribute( \"value\", ( new Date() ).getTime() );<\/script><\/p><div class=\"wpcf7-response-output\" aria-hidden=\"true\"><\/div><\/form><\/div>\n","protected":false},"excerpt":{"rendered":"","protected":false},"author":2,"featured_media":0,"parent":0,"menu_order":0,"comment_status":"closed","ping_status":"closed","template":"","meta":{"_mi_skip_tracking":false},"_links":{"self":[{"href":"https:\/\/www.altlastenmanagement.at\/home\/wp-json\/wp\/v2\/pages\/3070"}],"collection":[{"href":"https:\/\/www.altlastenmanagement.at\/home\/wp-json\/wp\/v2\/pages"}],"about":[{"href":"https:\/\/www.altlastenmanagement.at\/home\/wp-json\/wp\/v2\/types\/page"}],"author":[{"embeddable":true,"href":"https:\/\/www.altlastenmanagement.at\/home\/wp-json\/wp\/v2\/users\/2"}],"replies":[{"embeddable":true,"href":"https:\/\/www.altlastenmanagement.at\/home\/wp-json\/wp\/v2\/comments?post=3070"}],"version-history":[{"count":1,"href":"https:\/\/www.altlastenmanagement.at\/home\/wp-json\/wp\/v2\/pages\/3070\/revisions"}],"predecessor-version":[{"id":3071,"href":"https:\/\/www.altlastenmanagement.at\/home\/wp-json\/wp\/v2\/pages\/3070\/revisions\/3071"}],"wp:attachment":[{"href":"https:\/\/www.altlastenmanagement.at\/home\/wp-json\/wp\/v2\/media?parent=3070"}],"curies":[{"name":"wp","href":"https:\/\/api.w.org\/{rel}","templated":true}]}}