{"id":2455,"date":"2016-04-28T09:00:58","date_gmt":"2016-04-28T09:00:58","guid":{"rendered":"http:\/\/www.altlastenmanagement.at\/home\/?page_id=2455"},"modified":"2023-09-22T09:29:40","modified_gmt":"2023-09-22T09:29:40","slug":"fortbildung","status":"publish","type":"page","link":"https:\/\/www.altlastenmanagement.at\/home\/fortbildung\/","title":{"rendered":"Fortbildung"},"content":{"rendered":"<h4>DERZEIT GIBT ES KEINE TERMINE F\u00dcR FORTBILDUNGSANGEBOTE<\/h4>\n<h4>FR\u00dcHERE FORTBILDUNGEN:<\/h4>\n<p>&#8222;Grundwasser-Monitoring ADVANCED&#8220; &#8211; 29.5.2019, Wien<\/p>\n<p>&#8222;Fachseminar Mineral\u00f6lsch\u00e4den&#8220;, am 26.4.2018 &#8211; <a href=\"http:\/\/www.altlastenmanagement.at\/home\/wp-content\/uploads\/Programm_MKW_260418.pdf\" target=\"_blank\" rel=\"noopener noreferrer\">Programm<\/a><\/p>\n<p>&#8222;Isotopenanwendung in der Altlastensanierung und Hydrogeologie&#8220; am 12.09.2017 &#8211; <a href=\"http:\/\/www.altlastenmanagement.at\/home\/wp-content\/uploads\/Flyer_Programm_Isotopen_120917.pdf\" target=\"_blank\" rel=\"noopener noreferrer\">Programm<\/a><\/p>\n<div data-canvas-width=\"83.0858517216\">&#8222;Pumpversuche, Slug &amp; Bail-Versuche, Infiltrationsversuche&#8220; am 29.2-1.3.2016 &#8211; <a href=\"http:\/\/www.altlastenmanagement.at\/home\/wp-content\/uploads\/EinladungProgramm-1.pdf\">Programm<\/a><\/div>\n<p>&#8222;Grundwassermodellierung als Werkzeug in der Altlastensanierung&#8220; am 6.-9.7.2015 &#8211; <a href=\"http:\/\/www.altlastenmanagement.at\/home\/wp-content\/uploads\/\u00d6VA-Programm-GW-Modellierung-1.pdf\">Programm<\/a><\/p>\n","protected":false},"excerpt":{"rendered":"<p>DERZEIT GIBT ES KEINE TERMINE F\u00dcR FORTBILDUNGSANGEBOTE FR\u00dcHERE FORTBILDUNGEN: &#8222;Grundwasser-Monitoring ADVANCED&#8220; &#8211; 29.5.2019, Wien &#8222;Fachseminar Mineral\u00f6lsch\u00e4den&#8220;, am 26.4.2018 &#8211; Programm &#8222;Isotopenanwendung in der Altlastensanierung und Hydrogeologie&#8220; am 12.09.2017 &#8211; Programm &#8222;Pumpversuche, Slug &amp; Bail-Versuche, Infiltrationsversuche&#8220; am 29.2-1.3.2016 &#8211; Programm &#8222;Grundwassermodellierung<\/p>\n","protected":false},"author":2,"featured_media":0,"parent":0,"menu_order":0,"comment_status":"closed","ping_status":"closed","template":"","meta":{"_mi_skip_tracking":false},"_links":{"self":[{"href":"https:\/\/www.altlastenmanagement.at\/home\/wp-json\/wp\/v2\/pages\/2455"}],"collection":[{"href":"https:\/\/www.altlastenmanagement.at\/home\/wp-json\/wp\/v2\/pages"}],"about":[{"href":"https:\/\/www.altlastenmanagement.at\/home\/wp-json\/wp\/v2\/types\/page"}],"author":[{"embeddable":true,"href":"https:\/\/www.altlastenmanagement.at\/home\/wp-json\/wp\/v2\/users\/2"}],"replies":[{"embeddable":true,"href":"https:\/\/www.altlastenmanagement.at\/home\/wp-json\/wp\/v2\/comments?post=2455"}],"version-history":[{"count":19,"href":"https:\/\/www.altlastenmanagement.at\/home\/wp-json\/wp\/v2\/pages\/2455\/revisions"}],"predecessor-version":[{"id":4009,"href":"https:\/\/www.altlastenmanagement.at\/home\/wp-json\/wp\/v2\/pages\/2455\/revisions\/4009"}],"wp:attachment":[{"href":"https:\/\/www.altlastenmanagement.at\/home\/wp-json\/wp\/v2\/media?parent=2455"}],"curies":[{"name":"wp","href":"https:\/\/api.w.org\/{rel}","templated":true}]}}